{"id":4,"date":"2016-10-26T10:12:34","date_gmt":"2016-10-26T10:12:34","guid":{"rendered":"https:\/\/quantumchimica.com\/udesign-welcome\/"},"modified":"2018-09-02T14:47:57","modified_gmt":"2018-09-02T12:47:57","slug":"udesign-welcome","status":"publish","type":"page","link":"https:\/\/quantumchimica.com\/sl\/","title":{"rendered":"Doma\u010da stran"},"content":{"rendered":"<!-- MasterSlider -->\n\t\t<div id=\"P_MS69f0f11351154\" class=\"master-slider-parent msl ms-parent-id-1\" style=\"max-width:920px;\">\n\n\t\t\t\n\t\t\t<!-- MasterSlider Main -->\n\t\t\t<div id=\"MS69f0f11351154\" class=\"master-slider ms-skin-default\" >\n\t\t\t\t \t\t\t\t \n\t\t\t\t<div  class=\"ms-slide\" data-delay=\"3\" data-fill-mode=\"fill\"  >\n\t\t\t\t\t<img src=\"https:\/\/quantumchimica.com\/wp-content\/plugins\/master-slider\/public\/assets\/css\/blank.gif\" alt=\"\" title=\"\" data-src=\"https:\/\/quantumchimica.com\/wp-content\/uploads\/2016\/10\/medical-science-m-2_.jpg\" \/>\n\n\n\t<div class=\"ms-thumb\" ><div class=\"ms-tab-context\"><div class=&quot;ms-tab-context&quot;><\/div><\/div>\n<\/div>\n\t\t\t\t<\/div>\n\t\t\t\t<div  class=\"ms-slide\" data-delay=\"3\" data-fill-mode=\"fill\"  >\n\t\t\t\t\t<img src=\"https:\/\/quantumchimica.com\/wp-content\/plugins\/master-slider\/public\/assets\/css\/blank.gif\" alt=\"\" title=\"\" data-src=\"https:\/\/quantumchimica.com\/wp-content\/uploads\/2016\/10\/atom.png\" \/>\n\n\n\t<div class=\"ms-thumb\" ><div class=\"ms-tab-context\"><div class=&quot;ms-tab-context&quot;><\/div><\/div>\n<\/div>\n\t\t\t\t<\/div>\n\t\t\t\t<div  class=\"ms-slide\" data-delay=\"3\" data-fill-mode=\"fill\"  >\n\t\t\t\t\t<img src=\"https:\/\/quantumchimica.com\/wp-content\/plugins\/master-slider\/public\/assets\/css\/blank.gif\" alt=\"\" title=\"\" data-src=\"https:\/\/quantumchimica.com\/wp-content\/uploads\/2016\/10\/70-file-folder-1024x462.jpg\" \/>\n\n\n\t<div class=\"ms-thumb\" ><div class=\"ms-tab-context\"><div class=&quot;ms-tab-context&quot;><\/div><\/div>\n<\/div>\n\t\t\t\t<\/div>\n\n\t\t\t<\/div>\n\t\t\t<!-- END MasterSlider Main -->\n\n\t\t\t \n\t\t<\/div>\n\t\t<!-- END MasterSlider -->\n\n\t\t<script>\n\t\t(function ( $ ) {\n\t\t\t\"use strict\";\n\n\t\t\t$(function () {\n\t\t\t\tvar masterslider_1154 = new MasterSlider();\n\n\t\t\t\t\/\/ slider controls\n\t\t\t\tmasterslider_1154.control('arrows'     ,{ autohide:false, overVideo:true  });\t\t\t\tmasterslider_1154.control('bullets'    ,{ autohide:false, overVideo:true, dir:'h', align:'bottom' , margin:10  });\n\n\t\t\t\tmasterslider_1154.control('scrollbar'  ,{ autohide:true, overVideo:true, dir:'h', inset:true, align:'top', color:'#404040' , margin:10  , width:4 });\n\t\t\t\t\/\/ slider setup\n\t\t\t\tmasterslider_1154.setup(\"MS69f0f11351154\", {\n\t\t\t\t\t\twidth           : 920,\n\t\t\t\t\t\theight          : 400,\n\t\t\t\t\t\tminHeight       : 0,\n\t\t\t\t\t\tspace           : 0,\n\t\t\t\t\t\tstart           : 1,\n\t\t\t\t\t\tgrabCursor      : true,\n\t\t\t\t\t\tswipe           : true,\n\t\t\t\t\t\tmouse           : true,\n\t\t\t\t\t\tlayout          : \"boxed\",\n\t\t\t\t\t\twheel           : false,\n\t\t\t\t\t\tautoplay        : false,\n\t\t\t\t\t\tinstantStartLayers:false,\n\t\t\t\t\t\tloop            : false,\n\t\t\t\t\t\tshuffle         : false,\n\t\t\t\t\t\tpreload         : 0,\n\t\t\t\t\t\theightLimit     : true,\n\t\t\t\t\t\tautoHeight      : false,\n\t\t\t\t\t\tsmoothHeight    : true,\n\t\t\t\t\t\tendPause        : false,\n\t\t\t\t\t\toverPause       : true,\n\t\t\t\t\t\tfillMode        : \"fill\",\n\t\t\t\t\t\tcenterControls  : false,\n\t\t\t\t\t\tstartOnAppear   : false,\n\t\t\t\t\t\tlayersMode      : \"center\",\n\t\t\t\t\t\thideLayers      : false,\n\t\t\t\t\t\tfullscreenMargin: 0,\n\t\t\t\t\t\tspeed           : 20,\n\t\t\t\t\t\tdir             : \"h\",\n\t\t\t\t\t\tparallaxMode    : 'swipe',\n\t\t\t\t\t\tview            : \"basic\"\n\t\t\t\t});\n\n\t\t\t\t\n\t\t\t\twindow.masterslider_instances = window.masterslider_instances || [];\n\t\t\t\twindow.masterslider_instances.push( masterslider_1154 );\n\t\t\t });\n\n\t\t})(jQuery);\n\t\t<\/script>\n\n\n<div style=\"font-size: 17px; margin: 40px 0 20px 0; padding: 10px;\">Smo <span style=\"color: #a17b30;\"><strong>evropsko pogodbeno raziskovalno podjetje<\/strong><\/span> (CRO), ki nudi <a class=\"storitve\" href=\"https:\/\/quantumchimica.com\/registracija-produktov\/\">storitve<\/a> s podro\u010dja regulative zdravil, kozmetike, medicinskih pripomo\u010dkov in prehranskih dopolnil, storitve s podro\u010dja vigilance produktov ter odgovorne osebe za sprejem, shranjevanje, izdajo in transport zdravil. Na\u0161e podjetje zastopa ekipa <strong>izku\u0161enih<\/strong> regulatornih strokovnjakov, znanstvenikov, strokovnjakov s podro\u010dja upravljanja s \u010dlove\u0161kimi viri in s podro\u010dja prodaje. Na\u0161i strokovnjaki imajo <strong>poglobljeno znanje<\/strong> s podro\u010dja <span style=\"color: #a17b30;\">lokalne in mednarodne regulative zdravil<\/span>, analizne in organske kemije, biokemije in genetike, poslovnih odnosov, upravljanja s \u010dlove\u0161kimi viri in prodajnih <a class=\"storitve\" href=\"https:\/\/quantumchimica.com\/registracija-produktov\/\">storitev<\/a>. Pokrivamo<strong> vse svetovne trge<\/strong>.<\/div>\n<div class=\"one_fourth\"><img decoding=\"async\" class=\"aligncenter\" src=\"https:\/\/quantumchimica.com\/wp-content\/uploads\/2014\/04\/ponudba.png\" alt=\"\" width=\"84px\" \/><\/p>\n<div style=\"float: left; text-align: center;\">\n<h3 style=\"margin: 0 auto; padding-bottom: 0;\"><a title=\"Strokovnost\" href=\"https:\/\/quantumchimica.com\/ponudba\/\">Ponudba produktov<\/a><\/h3>\n<p style=\"float: left; text-align: left;\">Trenutno vzpostavljamo poslovno sodelovanje s farmacevtsko in biofarmacevtsko industrijo, centri odli\u010dnosti in nacionalnimi raziskovalnimi in\u0161tituti po celem svetu.<\/p>\n<a class=\"read-more-align-right\" href=\"https:\/\/quantumchimica.com\/ponudba\/\" title=\"Read More...\"><span>Preberi ve\u010d<\/span> &rarr;<\/a>\n<\/div>\n<\/div> <div class=\"one_fourth\"> <img decoding=\"async\" class=\"aligncenter\" src=\"https:\/\/quantumchimica.com\/wp-content\/uploads\/2014\/04\/sodelovanje.png\" alt=\"\" width=\"84px\" \/><\/p>\n<div style=\"float: left; text-align: center;\">\n<h3 style=\"margin: 0 auto; padding-bottom: 0;\"><a title=\"profesionalnost\" href=\"https:\/\/quantumchimica.com\/poslovno-sodelovanje\/\">Poslovno sodelovanje<\/a><\/h3>\n<p style=\"float: left; text-align: left;\">Podjetje Quantum Chimica je zaupanja vreden partner, ki vam pomaga pri postavljanju regulatornih strategij, raziskovalni dejavnosti ter organizaciji prodajnih aktivnosti na svetovnih trgih.<\/p>\n<a class=\"read-more-align-right\" href=\"https:\/\/quantumchimica.com\/poslovno-sodelovanje\/\" title=\"Read More...\"><span>Preberi ve\u010d<\/span> &rarr;<\/a>\n<\/div>\n<\/div> <div class=\"one_fourth\"> <img decoding=\"async\" class=\"aligncenter\" src=\"https:\/\/quantumchimica.com\/wp-content\/uploads\/2014\/04\/novice.png\" alt=\"\" width=\"84px\" \/><\/p>\n<div style=\"float: left; text-align: center;\">\n<h3 style=\"margin: 0 auto; padding-bottom: 0;\"><a title=\"Prijaznost okolju\" href=\"https:\/\/quantumchimica.com\/novice\/\">Novice<\/a><\/h3>\n<p style=\"float: left; text-align: left;\">Redno objavljamo najpomembnej\u0161e novice iz podro\u010dja na\u0161ega delovanja, farmacije in biofarmacije. Ve\u010d na spodnji povezavi&#8230;<\/p>\n<a class=\"read-more-align-right\" href=\"https:\/\/quantumchimica.com\/novice\/\" title=\"Read More...\"><span>Preberi ve\u010d<\/span> &rarr;<\/a>\n<\/div>\n<\/div> <div class=\"one_fourth last_column\"> <img decoding=\"async\" class=\"aligncenter\" src=\"https:\/\/quantumchimica.com\/wp-content\/uploads\/2014\/04\/forum.png\" alt=\"\" width=\"84px\" \/><\/p>\n<div style=\"float: left; text-align: center;\">\n<h3 style=\"margin: 0 auto; padding-bottom: 0;\"><a title=\"Quantum\" href=\"https:\/\/quantumchimica.com\/forum\/\">Forum<\/a><\/h3>\n<p style=\"float: left; text-align: left;\">Imate kak\u0161no vpra\u0161anje, te\u017eavo ali ste le radovedni? Vpra\u0161ajte na na\u0161em zidu vpra\u0161anj in odgovorili vam bomo, takoj ko bo to mogo\u010de.<\/p>\n<a class=\"read-more-align-right\" href=\"https:\/\/quantumchimica.com\/forum\" title=\"Read More...\"><span>Preberi ve\u010d<\/span> &rarr;<\/a>\n<\/div>\n<\/div> <div class=\"clear\"><\/div> <div class=\"simple\" style=\"background-color:#F7F7F7; color:#333333;\"><div class=\"inner-padding\">\n<blockquote><p>Podjetje Quantum Chimica je zaupanja vreden partner, ki vam pomaga pri postavljanju regulatornih strategij in raziskovalni dejavnosti ter organizaciji prodajnih in tr\u017enih aktivnosti na lokalnih (EU) in mednarodnih trgih. <span style=\"text-align: center;\"><a title=\"Poslovno sodelovanje\" href=\"poslovno-sodelovanje\">Poslovno sodelovanje<\/a><\/span><\/p><\/blockquote>\n<\/div><\/div> <div class=\"clear\"><\/div> <div class=\"one_third\">\n<h3>Zakaj izbrati nas?<\/h3>\n\n<ul class=\"list-2\">\n<li>Imamo dolgoletne izku\u0161nje na podro\u010dju farmacevtske in biofarmacevtske industrije, upravljanja s \u010dlove\u0161kimi viri in nabavnimi in prodajnimi storitvami.<\/li>\n<li>Pomagamo Vam pripraviti kakovostno regulatorno dokumentacijo na podro\u010dju zdravil (zdravila na recept, zdravila brez recepta, tradicionalna zdravila, priprava DMFjev, dosjejev, itn.).<\/li>\n<li>Pomagamo Vam pripraviti kakovostno regulatorno dokumentacijo na podro\u010dju medicinskih pripomo\u010dkov, prehranskih dopolnil in kozmetike.<\/li>\n<li>U\u010dinkovito vas vodimo \u010dez postopek registracije z namenom pridobitve dovoljenja za promet.<\/li>\n<li>Registracija zdravil \u0161e nikoli ni bila tako enostavna.<\/li>\n<li>Pomagamo Vam pri vstopu na lokalni (EU) in mednarodni farmacevtski in biofarmacevtski trg.<\/li>\n<li>Imamo dobre povezave z lokalnimi (EU) in mednarodnimi raziskovalnimi in\u0161tituti, farmacevtskimi in biofarmacevtskimi podjetji in mednarodnimi CRO podjetji.<\/li>\n<li>Nudimo kakovostne, u\u010dinkovite in hitre regulatorne re\u0161itve.<\/li>\n<li>Nudimo stalno podporo in konkuren\u010dne cene pri vseh regulatornih storitvah.<\/li>\n<\/ul>\n<\/div> <div class=\"two_third last_column\"> <div class=\"widget widget_latest_posts\"><h3 class=\"widgettitle\">Preberite kaj je novega pri nas<\/h3>\t\t    <div class=\"latest_posts\">\n\t\t\t<ul class=\"small-thumb\">\n\t\t\t\t<li>\n                            <div class=\"small-custom-frame-wrapper alignleft\"><div class=\"custom-frame-inner-wrapper\"><div class=\"custom-frame-padding\"><a href=\"https:\/\/quantumchimica.com\/sl\/cepivo-proti-aidsu\/\" title=\"Cepivo proti aidsu\"><img src=\"https:\/\/quantumchimica.com\/wp-content\/themes\/u-design\/styles\/common-images\/default-thumb.png\" width=\"140\" height=\"85\" alt=\"Cepivo proti aidsu\" \/><\/a><\/div><\/div><\/div>\n\t\t\t\t    <a class=\"teaser-title\" title=\"Cepivo proti aidsu\" href=\"https:\/\/quantumchimica.com\/sl\/cepivo-proti-aidsu\/\">Cepivo proti aidsu<\/a>\n\t\t\t\t    <div class=\"teaser-content\">Ugotovitve iz \u0161tudije, ki so jo znanstveniki izvedli na institutu Scripps Research (TSRI) bo najverjetneje vplivala na prihodnje na\u010drte za pripravo cepiva proti virusu HIV in terapije, ki bodo temeljile na protitelesih. Cepivo proti aidsu bi lahko delovalo na razli\u010dnih mestih virusa HIV. Oku\u017eba z virusom HIV [&hellip;]...<\/div>\n\t\t\t\t    <div class=\"clear\"><\/div>\n\t\t\t\t<\/li>\n\t\t\t\t<li>\n                            <div class=\"small-custom-frame-wrapper alignleft\"><div class=\"custom-frame-inner-wrapper\"><div class=\"custom-frame-padding\"><a href=\"https:\/\/quantumchimica.com\/sl\/english-raziskovalci-odkrili-novo-molekulo-za-zdravljenje-astme\/\" title=\"Raziskovalci odkrili novo molekulo za zdravljenje astme\"><img src=\"https:\/\/quantumchimica.com\/wp-content\/themes\/u-design\/styles\/common-images\/default-thumb.png\" width=\"140\" height=\"85\" alt=\"Raziskovalci odkrili novo molekulo za zdravljenje astme\" \/><\/a><\/div><\/div><\/div>\n\t\t\t\t    <a class=\"teaser-title\" title=\"Raziskovalci odkrili novo molekulo za zdravljenje astme\" href=\"https:\/\/quantumchimica.com\/sl\/english-raziskovalci-odkrili-novo-molekulo-za-zdravljenje-astme\/\">Raziskovalci odkrili novo molekulo za zdravljenje astme<\/a>\n\t\t\t\t    <div class=\"teaser-content\">Ugotovitve, objavljene v Zborniku National Academy of Sciences (PNAS), ka\u017eejo obljubo za novo mo\u010dno terapevtsko sredstvo za zdravljenje astme. Po navedbah raziskovalca Minoru Fukuda so identificirali sinteti\u010dno molekulo (sulfat monosaharida), ki zavira signal, ki rekrutira T-celice na plju\u010dih ob za\u010detku napada astme. Prav ta molekula je bistveno [&hellip;]...<\/div>\n\t\t\t\t    <div class=\"clear\"><\/div>\n\t\t\t\t<\/li>\n\t\t\t\t<li>\n                            <div class=\"small-custom-frame-wrapper alignleft\"><div class=\"custom-frame-inner-wrapper\"><div class=\"custom-frame-padding\"><a href=\"https:\/\/quantumchimica.com\/sl\/kako-postati-strokovni-sodelavec-v-regulativi-zdravil\/\" title=\"Kako postati strokovni sodelavec v regulativi zdravil?\"><img src=\"https:\/\/quantumchimica.com\/wp-content\/themes\/u-design\/styles\/common-images\/default-thumb.png\" width=\"140\" height=\"85\" alt=\"Kako postati strokovni sodelavec v regulativi zdravil?\" \/><\/a><\/div><\/div><\/div>\n\t\t\t\t    <a class=\"teaser-title\" title=\"Kako postati strokovni sodelavec v regulativi zdravil?\" href=\"https:\/\/quantumchimica.com\/sl\/kako-postati-strokovni-sodelavec-v-regulativi-zdravil\/\">Kako postati strokovni sodelavec v regulativi zdravil?<\/a>\n\t\t\t\t    <div class=\"teaser-content\">26. januarja 2016 bo preko spleta organizirano predavanje v angle\u0161\u010dini z naslovom Kako postati strokovni sodelavec v regulativi zdravil? Predavanje bo nudilo vpogled v zahteve in odgovornosti, ki jih mora izpolnjevati posameznik, \u010de \u017eeli postati strokovni sodelavec s podro\u010dja regulative zdravil ter ugodnosti, ki jih je pri [&hellip;]...<\/div>\n\t\t\t\t    <div class=\"clear\"><\/div>\n\t\t\t\t<\/li>\n\t\t\t\t<li>\n                            <div class=\"small-custom-frame-wrapper alignleft\"><div class=\"custom-frame-inner-wrapper\"><div class=\"custom-frame-padding\"><a href=\"https:\/\/quantumchimica.com\/sl\/fda-je-objavila-vijolicno-knjigo-purple-book\/\" title=\"FDA je objavila vijoli\u010dno knjigo (Purple Book)\"><img src=\"https:\/\/quantumchimica.com\/wp-content\/themes\/u-design\/styles\/common-images\/default-thumb.png\" width=\"140\" height=\"85\" alt=\"FDA je objavila vijoli\u010dno knjigo (Purple Book)\" \/><\/a><\/div><\/div><\/div>\n\t\t\t\t    <a class=\"teaser-title\" title=\"FDA je objavila vijoli\u010dno knjigo (Purple Book)\" href=\"https:\/\/quantumchimica.com\/sl\/fda-je-objavila-vijolicno-knjigo-purple-book\/\">FDA je objavila vijoli\u010dno knjigo (Purple Book)<\/a>\n\t\t\t\t    <div class=\"teaser-content\">Vsebuje seznam biolo\u0161kih proizvodov, vklju\u010dujo\u010d biolo\u0161ko podobna in zamenljiva biolo\u0161ka zdravila za katera je ameri\u0161ka agencija FDA izdala dovoljenja v skladu z Zakonom o javni zdravstveni slu\u017ebi (Zakon PHS). Seznami vsebujejo datum veljavnosti licence biolo\u0161kega, biolo\u0161ko podobnega oziroma zamenljivega zdravila v skladu z Zakonom PHS (351 (a)) [&hellip;]...<\/div>\n\t\t\t\t    <div class=\"clear\"><\/div>\n\t\t\t\t<\/li>\n\t\t\t<\/ul>\n\t\t    <\/div><!-- end widget_recent_posts -->\n<\/div> <\/div>","protected":false},"excerpt":{"rendered":"<p>Smo evropsko pogodbeno raziskovalno podjetje (CRO), ki nudi storitve s podro\u010dja regulative zdravil, kozmetike, medicinskih pripomo\u010dkov in prehranskih dopolnil, storitve s podro\u010dja vigilance produktov ter odgovorne osebe za sprejem, shranjevanje, izdajo in transport zdravil. Na\u0161e podjetje zastopa ekipa izku\u0161enih regulatornih strokovnjakov, znanstvenikov, strokovnjakov s podro\u010dja upravljanja s [&hellip;]<\/p>\n","protected":false},"author":1,"featured_media":0,"parent":0,"menu_order":0,"comment_status":"closed","ping_status":"closed","template":"page-FullWidth.php","meta":[],"_links":{"self":[{"href":"https:\/\/quantumchimica.com\/sl\/wp-json\/wp\/v2\/pages\/4"}],"collection":[{"href":"https:\/\/quantumchimica.com\/sl\/wp-json\/wp\/v2\/pages"}],"about":[{"href":"https:\/\/quantumchimica.com\/sl\/wp-json\/wp\/v2\/types\/page"}],"author":[{"embeddable":true,"href":"https:\/\/quantumchimica.com\/sl\/wp-json\/wp\/v2\/users\/1"}],"replies":[{"embeddable":true,"href":"https:\/\/quantumchimica.com\/sl\/wp-json\/wp\/v2\/comments?post=4"}],"version-history":[{"count":8,"href":"https:\/\/quantumchimica.com\/sl\/wp-json\/wp\/v2\/pages\/4\/revisions"}],"predecessor-version":[{"id":219,"href":"https:\/\/quantumchimica.com\/sl\/wp-json\/wp\/v2\/pages\/4\/revisions\/219"}],"wp:attachment":[{"href":"https:\/\/quantumchimica.com\/sl\/wp-json\/wp\/v2\/media?parent=4"}],"curies":[{"name":"wp","href":"https:\/\/api.w.org\/{rel}","templated":true}]}}