{"id":31,"date":"2016-10-26T14:04:58","date_gmt":"2016-10-26T12:04:58","guid":{"rendered":"https:\/\/quantumchimica.com\/?page_id=31"},"modified":"2018-09-02T14:50:11","modified_gmt":"2018-09-02T12:50:11","slug":"o-nas","status":"publish","type":"page","link":"https:\/\/quantumchimica.com\/sl\/o-nas\/","title":{"rendered":"O nas"},"content":{"rendered":"<!-- MasterSlider -->\n\t\t<div id=\"P_MS6a0470f23d970\" class=\"master-slider-parent msl ms-parent-id-1\" style=\"max-width:920px;\">\n\n\t\t\t\n\t\t\t<!-- MasterSlider Main -->\n\t\t\t<div id=\"MS6a0470f23d970\" class=\"master-slider ms-skin-default\" >\n\t\t\t\t \t\t\t\t \n\t\t\t\t<div  class=\"ms-slide\" data-delay=\"3\" data-fill-mode=\"fill\"  >\n\t\t\t\t\t<img src=\"https:\/\/quantumchimica.com\/wp-content\/plugins\/master-slider\/public\/assets\/css\/blank.gif\" alt=\"\" title=\"\" data-src=\"https:\/\/quantumchimica.com\/wp-content\/uploads\/2016\/10\/medical-science-m-2_.jpg\" \/>\n\n\n\t<div class=\"ms-thumb\" ><div class=\"ms-tab-context\"><div class=&quot;ms-tab-context&quot;><\/div><\/div>\n<\/div>\n\t\t\t\t<\/div>\n\t\t\t\t<div  class=\"ms-slide\" data-delay=\"3\" data-fill-mode=\"fill\"  >\n\t\t\t\t\t<img src=\"https:\/\/quantumchimica.com\/wp-content\/plugins\/master-slider\/public\/assets\/css\/blank.gif\" alt=\"\" title=\"\" data-src=\"https:\/\/quantumchimica.com\/wp-content\/uploads\/2016\/10\/atom.png\" \/>\n\n\n\t<div class=\"ms-thumb\" ><div class=\"ms-tab-context\"><div class=&quot;ms-tab-context&quot;><\/div><\/div>\n<\/div>\n\t\t\t\t<\/div>\n\t\t\t\t<div  class=\"ms-slide\" data-delay=\"3\" data-fill-mode=\"fill\"  >\n\t\t\t\t\t<img src=\"https:\/\/quantumchimica.com\/wp-content\/plugins\/master-slider\/public\/assets\/css\/blank.gif\" alt=\"\" title=\"\" data-src=\"https:\/\/quantumchimica.com\/wp-content\/uploads\/2016\/10\/70-file-folder-1024x462.jpg\" \/>\n\n\n\t<div class=\"ms-thumb\" ><div class=\"ms-tab-context\"><div class=&quot;ms-tab-context&quot;><\/div><\/div>\n<\/div>\n\t\t\t\t<\/div>\n\n\t\t\t<\/div>\n\t\t\t<!-- END MasterSlider Main -->\n\n\t\t\t \n\t\t<\/div>\n\t\t<!-- END MasterSlider -->\n\n\t\t<script>\n\t\t(function ( $ ) {\n\t\t\t\"use strict\";\n\n\t\t\t$(function () {\n\t\t\t\tvar masterslider_d970 = new MasterSlider();\n\n\t\t\t\t\/\/ slider controls\n\t\t\t\tmasterslider_d970.control('arrows'     ,{ autohide:false, overVideo:true  });\t\t\t\tmasterslider_d970.control('bullets'    ,{ autohide:false, overVideo:true, dir:'h', align:'bottom' , margin:10  });\n\n\t\t\t\tmasterslider_d970.control('scrollbar'  ,{ autohide:true, overVideo:true, dir:'h', inset:true, align:'top', color:'#404040' , margin:10  , width:4 });\n\t\t\t\t\/\/ slider setup\n\t\t\t\tmasterslider_d970.setup(\"MS6a0470f23d970\", {\n\t\t\t\t\t\twidth           : 920,\n\t\t\t\t\t\theight          : 400,\n\t\t\t\t\t\tminHeight       : 0,\n\t\t\t\t\t\tspace           : 0,\n\t\t\t\t\t\tstart           : 1,\n\t\t\t\t\t\tgrabCursor      : true,\n\t\t\t\t\t\tswipe           : true,\n\t\t\t\t\t\tmouse           : true,\n\t\t\t\t\t\tlayout          : \"boxed\",\n\t\t\t\t\t\twheel           : false,\n\t\t\t\t\t\tautoplay        : false,\n\t\t\t\t\t\tinstantStartLayers:false,\n\t\t\t\t\t\tloop            : false,\n\t\t\t\t\t\tshuffle         : false,\n\t\t\t\t\t\tpreload         : 0,\n\t\t\t\t\t\theightLimit     : true,\n\t\t\t\t\t\tautoHeight      : false,\n\t\t\t\t\t\tsmoothHeight    : true,\n\t\t\t\t\t\tendPause        : false,\n\t\t\t\t\t\toverPause       : true,\n\t\t\t\t\t\tfillMode        : \"fill\",\n\t\t\t\t\t\tcenterControls  : false,\n\t\t\t\t\t\tstartOnAppear   : false,\n\t\t\t\t\t\tlayersMode      : \"center\",\n\t\t\t\t\t\thideLayers      : false,\n\t\t\t\t\t\tfullscreenMargin: 0,\n\t\t\t\t\t\tspeed           : 20,\n\t\t\t\t\t\tdir             : \"h\",\n\t\t\t\t\t\tparallaxMode    : 'swipe',\n\t\t\t\t\t\tview            : \"basic\"\n\t\t\t\t});\n\n\t\t\t\t\n\t\t\t\twindow.masterslider_instances = window.masterslider_instances || [];\n\t\t\t\twindow.masterslider_instances.push( masterslider_d970 );\n\t\t\t });\n\n\t\t})(jQuery);\n\t\t<\/script>\n\n\n<div style=\"margin-top: 55px;\">\n<p><strong>Quantum Chimica<\/strong> je evropsko podjetje (CRO), ki nudi storitve s podro\u010dja regulative zdravil na recept in brez recepta, medicinskih pripomo\u010dkov in kozmeti\u010dnih preparatov. Imamo dolgoletne izku\u0161nje pri pripravi dokumentacije za vloge CEP, DMF, ANDA in drugih. Na\u0161e izku\u0161nje so podprte z izku\u0161njami predane ekipe strokovnih sodelavcev, znanstvenikov in mened\u017eerjev, ki so svoje poglobljeno znanje iz organske in analizne kemije, biokemije in genetike, farmacije, upravljanja s \u010dlove\u0161kimi viri in prodaje pridobili z leti. Na\u0161 tim strokovnjakov ima univerzitetne in podiplomske stopnje izobrazbe. Smo u?inkoviti, strokovni in usmerjeni k ciljem. Govorimo ve\u010d tujih jezikov. Quantum Chimica je lahko va\u0161 partner tako na trgih EU kot na ostalih mednarodnih trgih.<\/p>\n<\/div>","protected":false},"excerpt":{"rendered":"<p>Quantum Chimica je evropsko podjetje (CRO), ki nudi storitve s podro\u010dja regulative zdravil na recept in brez recepta, medicinskih pripomo\u010dkov in kozmeti\u010dnih preparatov. Imamo dolgoletne izku\u0161nje pri pripravi dokumentacije za vloge CEP, DMF, ANDA in drugih. Na\u0161e izku\u0161nje so podprte z izku\u0161njami predane ekipe strokovnih sodelavcev, znanstvenikov [&hellip;]<\/p>\n","protected":false},"author":1,"featured_media":0,"parent":0,"menu_order":0,"comment_status":"closed","ping_status":"closed","template":"page-FullWidth.php","meta":[],"_links":{"self":[{"href":"https:\/\/quantumchimica.com\/sl\/wp-json\/wp\/v2\/pages\/31"}],"collection":[{"href":"https:\/\/quantumchimica.com\/sl\/wp-json\/wp\/v2\/pages"}],"about":[{"href":"https:\/\/quantumchimica.com\/sl\/wp-json\/wp\/v2\/types\/page"}],"author":[{"embeddable":true,"href":"https:\/\/quantumchimica.com\/sl\/wp-json\/wp\/v2\/users\/1"}],"replies":[{"embeddable":true,"href":"https:\/\/quantumchimica.com\/sl\/wp-json\/wp\/v2\/comments?post=31"}],"version-history":[{"count":3,"href":"https:\/\/quantumchimica.com\/sl\/wp-json\/wp\/v2\/pages\/31\/revisions"}],"predecessor-version":[{"id":220,"href":"https:\/\/quantumchimica.com\/sl\/wp-json\/wp\/v2\/pages\/31\/revisions\/220"}],"wp:attachment":[{"href":"https:\/\/quantumchimica.com\/sl\/wp-json\/wp\/v2\/media?parent=31"}],"curies":[{"name":"wp","href":"https:\/\/api.w.org\/{rel}","templated":true}]}}