{"id":202,"date":"2018-05-22T15:04:02","date_gmt":"2018-05-22T13:04:02","guid":{"rendered":"https:\/\/quantumchimica.com\/?page_id=202"},"modified":"2018-05-25T15:00:12","modified_gmt":"2018-05-25T13:00:12","slug":"varstvo-osebnih-podatkov","status":"publish","type":"page","link":"https:\/\/quantumchimica.com\/sl\/protection-personal-data\/","title":{"rendered":"Varstvo osebnih podatkov"},"content":{"rendered":"<strong>VAROVANJE OSEBNIH PODATKOV<\/strong><\/p>\n<p>Upravljavec spletne strani https:\/\/quantumchimica.com je v skladu z Zakonom o varovanju osebnih podatkov (ZVOP-1), zavezan k varovanju osebnih podatkov svojih uporabnikov. Za potrebe izvajanja svojih storitev zbira podatke, ki jih je uporabnik posredoval preko katerega od obrazcev na spletni strani: ime, elektronsko po\u0161to, ter uporabni\u0161ko ime, ki jih uporabnik vnese v obrazce na spletnem mestu. Za potrebe zagotavljanja varnosti, se zbirajo tudi IP naslovi, iz katerih uporabniki dostopajo do spletnega mesta.<\/p>\n<p>Upravljavec spletne strani se v skladu z Zakonom o varstvu osebnih podatkov zavezuje k trajnemu varovanju osebnih podatkov pred izgubo, zlorabo ali nepoobla\u0161\u010denim dostopom. Podatke bo upravljavec uporabljal izklju\u010dno za komunikacijo z uporabnikom in ne bodo posredovani tretjim osebam. Podatki se hranijo in uporabljajo do va\u0161ega preklica, ki ga lahko kadarkoli posredujete na na\u0161 elektronski naslov: <a href=\"mailto:info@quantumchimica.com\">info@quantumchimica.com<\/a>. Za to\u010dnost podatkov, ki jih vnese uporabnik, ne odgovarjamo.<\/p>\n<p>Vse podstrani https:\/\/quantumchimica.com, kjer vas bomo prosili za va\u0161e osebne podatke, so za\u0161\u010ditene z uporabo protokola SSL in potekajo preko \u0161ifrirane povezave. Na va\u0161o zahtevo bomo popravili ali izbrisali katerokoli va\u0161o osebno informacijo, ki jo imamo v bazi. Omogo\u010dili pa vam bomo, da lahko vse podatke, ki nam jih boste posredovali vedno uredite in pregledate.<\/p>\n<p>Ob obisku na\u0161e strani se nekateri podatki (IP naslov, datum, \u010das, naslov strani iz katere prihajate) shranijo na stre\u017enik. Ti podatki so anonimni in se uporabljajo zgolj za statisti\u010dne obdelave.<\/p>\n<p>&nbsp;<\/p>\n<p><strong>Uporaba pi\u0161kotkov<\/strong><\/p>\n<p>Ob obisku na\u0161e spletne strani www.quantumchimica.com se lahko na va\u0161 disk shrani pi\u0161kotek (cookie), \u010de va\u0161 spletni brskalnik dovoljuje uporabo le-teh. Pi\u0161kotki vam lahko olaj\u0161ajo nadaljnje obiske na\u0161e spletne strani.<\/p>\n<p>&nbsp;<\/p>\n<p><strong>Kaj so pi\u0161kotki?<\/strong><\/p>\n<p>Pi\u0161kotek (cookie) je majhna datoteka, ki shrani va\u0161e spletne nastavitve. Prenese se preko brskalnika med prvim obiskom na spletnem mestu. Ko se naslednji\u010d vrnete na stran preko iste naprave, lahko brskalnik preveri, ali je soroden pi\u0161kotek prisoten (torej tisti, ki vsebuje ime strani), in uporabi podatke iz pi\u0161kotka ter jih po\u0161lje nazaj strani. To omogo\u010da spletnim mestom, da prepoznajo, da jih je uporabnik \u017ee predhodno obiskal, in v nekaterih primerih temu prilagodijo prikazano vsebino.<\/p>\n<p>Pi\u0161kotki so ne\u0161kodljivi za ra\u010dunalnik in ne hranijo osebnih podatkov, pa\u010d pa s shranjenimi \u0161ifriranimi informacijami omogo\u010dajo nekatere osnovne funkcije spletne trgovine in pomagajo izbolj\u0161ati va\u0161o izku\u0161njo na spletni strani, nam pa omogo\u010dajo vpogled v uporabo na\u0161ega spletnega mesta.<br \/>\nNamen pi\u0161kotkov je, da na spletni strani shranijo va\u0161e prednostne izbire in druge informacije, s pomo\u010djo katerih se trudimo spletno stran \u0161e izbolj\u0161ati. S pi\u0161kotki ne zbiramo informacij, s katerimi bi vas bilo mogo\u010de osebno prepoznati.","protected":false},"excerpt":{"rendered":"<p>VAROVANJE OSEBNIH PODATKOV Upravljavec spletne strani https:\/\/quantumchimica.com je v skladu z Zakonom o varovanju osebnih podatkov (ZVOP-1), zavezan k varovanju osebnih podatkov svojih uporabnikov. Za potrebe izvajanja svojih storitev zbira podatke, ki jih je uporabnik posredoval preko katerega od obrazcev na spletni strani: ime, elektronsko po\u0161to, ter [&hellip;]<\/p>\n","protected":false},"author":1,"featured_media":0,"parent":0,"menu_order":0,"comment_status":"closed","ping_status":"closed","template":"page-FullWidth.php","meta":[],"_links":{"self":[{"href":"https:\/\/quantumchimica.com\/sl\/wp-json\/wp\/v2\/pages\/202"}],"collection":[{"href":"https:\/\/quantumchimica.com\/sl\/wp-json\/wp\/v2\/pages"}],"about":[{"href":"https:\/\/quantumchimica.com\/sl\/wp-json\/wp\/v2\/types\/page"}],"author":[{"embeddable":true,"href":"https:\/\/quantumchimica.com\/sl\/wp-json\/wp\/v2\/users\/1"}],"replies":[{"embeddable":true,"href":"https:\/\/quantumchimica.com\/sl\/wp-json\/wp\/v2\/comments?post=202"}],"version-history":[{"count":4,"href":"https:\/\/quantumchimica.com\/sl\/wp-json\/wp\/v2\/pages\/202\/revisions"}],"predecessor-version":[{"id":207,"href":"https:\/\/quantumchimica.com\/sl\/wp-json\/wp\/v2\/pages\/202\/revisions\/207"}],"wp:attachment":[{"href":"https:\/\/quantumchimica.com\/sl\/wp-json\/wp\/v2\/media?parent=202"}],"curies":[{"name":"wp","href":"https:\/\/api.w.org\/{rel}","templated":true}]}}