{"id":176,"date":"2016-11-01T16:06:29","date_gmt":"2016-11-01T14:06:29","guid":{"rendered":"https:\/\/quantumchimica.com\/?page_id=176"},"modified":"2016-11-01T16:06:29","modified_gmt":"2016-11-01T14:06:29","slug":"poslovno-sodelovanje","status":"publish","type":"page","link":"https:\/\/quantumchimica.com\/sl\/poslovno-sodelovanje\/","title":{"rendered":"Poslovno sodelovanje"},"content":{"rendered":"<img decoding=\"async\" loading=\"lazy\" class=\"alignright\" src=\"https:\/\/quantumchimica.com\/wp-content\/uploads\/2014\/04\/business-hands-and-puzzle-m-2-300x210.jpg\" alt=\"\" width=\"300\" height=\"210\" \/> Podjetje Quantum Chimica je zaupanja vreden partner, ki vam pomaga pri postavljanju regulatornih strategij in raziskovalni dejavnosti ter organizaciji prodajnih aktivnosti na lokalnih (EU) in mednarodnih trgih. Zagotavljamo kakovost, u\u010dinkovitost, hitrost in strokovnost ob upo\u0161tevanju trenutnih smernic dobrih praks (GxP) in najnovej\u0161ih regulatornih zahtev. Vabimo vas, da stopite v stik z nami in nam predstavite svoje predloge ter predstavite mo\u017enosti sodelovanja za doseganje skupnih ciljev.","protected":false},"excerpt":{"rendered":"<p>Podjetje Quantum Chimica je zaupanja vreden partner, ki vam pomaga pri postavljanju regulatornih strategij in raziskovalni dejavnosti ter organizaciji prodajnih aktivnosti na lokalnih (EU) in mednarodnih trgih. Zagotavljamo kakovost, u\u010dinkovitost, hitrost in strokovnost ob upo\u0161tevanju trenutnih smernic dobrih praks (GxP) in najnovej\u0161ih regulatornih zahtev. Vabimo vas, da [&hellip;]<\/p>\n","protected":false},"author":1,"featured_media":0,"parent":0,"menu_order":0,"comment_status":"closed","ping_status":"closed","template":"page-FullWidth.php","meta":[],"_links":{"self":[{"href":"https:\/\/quantumchimica.com\/sl\/wp-json\/wp\/v2\/pages\/176"}],"collection":[{"href":"https:\/\/quantumchimica.com\/sl\/wp-json\/wp\/v2\/pages"}],"about":[{"href":"https:\/\/quantumchimica.com\/sl\/wp-json\/wp\/v2\/types\/page"}],"author":[{"embeddable":true,"href":"https:\/\/quantumchimica.com\/sl\/wp-json\/wp\/v2\/users\/1"}],"replies":[{"embeddable":true,"href":"https:\/\/quantumchimica.com\/sl\/wp-json\/wp\/v2\/comments?post=176"}],"version-history":[{"count":1,"href":"https:\/\/quantumchimica.com\/sl\/wp-json\/wp\/v2\/pages\/176\/revisions"}],"predecessor-version":[{"id":177,"href":"https:\/\/quantumchimica.com\/sl\/wp-json\/wp\/v2\/pages\/176\/revisions\/177"}],"wp:attachment":[{"href":"https:\/\/quantumchimica.com\/sl\/wp-json\/wp\/v2\/media?parent=176"}],"curies":[{"name":"wp","href":"https:\/\/api.w.org\/{rel}","templated":true}]}}