{"id":173,"date":"2016-11-01T16:04:44","date_gmt":"2016-11-01T14:04:44","guid":{"rendered":"https:\/\/quantumchimica.com\/?page_id=173"},"modified":"2016-11-01T16:04:44","modified_gmt":"2016-11-01T14:04:44","slug":"our-markets","status":"publish","type":"page","link":"https:\/\/quantumchimica.com\/sl\/nasi-trgi\/","title":{"rendered":"Na\u0161i trgi"},"content":{"rendered":"<img decoding=\"async\" src=\"https:\/\/quantumchimica.com\/wp-content\/uploads\/2014\/04\/zemljevid-novi.png\" alt=\"\" \/><\/p>\n<p>Na\u0161i trgi! Podjetje Quantum Chimica nudi storitve na podro\u010djih regulative, raziskovanja in nabavnih ter prodajnih storitev po vsem svetu. Imamo poglobljeno znanje na omenjenih podro\u010djih in obse\u017ene izku\u0161nje na naslednjih trgih:<\/p>\n<p><strong><span style=\"color: #d6803a; font-size: 16px;\">Severna amerika<\/span><\/strong><\/p>\n<p>Zdru\u017eene dr\u017eave Amerike, Kanada<\/p>\n<p><span style=\"color: #9e782f; font-size: 16px;\">Evropska unija<\/span><\/p>\n<p>Avstrija, Belgija, Bolgarija, Ciper, \u010ce\u0161ka republika, Danska, Estonija, Finska, Francija, Gr\u010dija, Hrva\u0161ka, Irska republika, Italija, Latvija, Litva, Luksemburg, Malta, Mad\u017earska, Nizozemska, Nem\u010dija, Poljska, Portugalska, Romunija, Slova\u0161ka, Slovenija, \u0160panija, \u0160vedska, Velika Britanija<\/p>\n<p><span style=\"color: #8f803f; font-size: 16px;\">Jugovzhodna Evropa<\/span><\/p>\n<p>Albanija, Makedonija, Kosovo, Srbija, \u010crna gora, Bosna in Hercegovina, Tur\u010dija<\/p>\n<p><span style=\"color: #aeb58a; font-size: 16px;\">Afrika in Bli\u017enji vzhod (MEA)<\/span><\/p>\n<p>Bahrajn, Al\u017eirija, Ciper, Egipt, Libija, Iran, Maroko, Irak, Sudan, Izrael, Tunizija, Jordanija, Zahodna Sahara, Kuvajt, D\u017eibuti, Libanon, Eritreja, Oman, Etiopija, Palestina, Somalija, Katar, Burundi, Savdska Arabija, Sirija, Kenija, Tur\u010dija, Madagaskar, Zdru\u017eeni Arabski Emirati, Malavi, Jemen, Mauricij, Mozambik, Ruanda, Sej\u0161eli, Ju\u017eni Sudan, Tanzanija, Uganda, Zambija, Zimbabve, Angola, Kamerun, Centralna Afri\u0161ka Republika, \u010cad, Rebublika Kongo, Demokrati\u010dna Republika Kongo, Ekvatorialna Gvineja, Gabon, Botsvana, Lesoto, Namibija, Ju\u017ena Afrika, Svazija, Benin, Burkina Faso, Slonoko\u0161\u010dena obala, Gambija, Gana, Gvineja, Gvineja-Bissau, Liberija, Mali, Mavretanija, Niger, Nigerija, Senegal, Sierra Leone, Togo<\/p>\n<p><span style=\"color: #b56d33; font-size: 16px;\">Srednja in Ju\u017ena Amerika (LatAm)<\/span><\/p>\n<p>Argentina, Bolivija, Brazilija, \u010cile, Kolumbija, Kostarika, Kuba, Dominikanska republika, Ekvador, El Salvador, Gvatemala, Haiti, Honduras, Mehika, Nikaragva, Panama, Paragvaj, Peru, Puerto Rico, Urugvaj, Venezuela<\/p>\n<p><span style=\"color: #ada1a9; font-size: 16px;\">Azija in Pacifik (APAC)<\/span><\/p>\n<p>Ameri\u0161ka Samoa, Avstralija, Brunej, Kambod\u017ea, Kitajska, Hong Kong, Indonezija, Japonska, Ju\u017ena Koreja, Laos, Macau, Malezija, Mongolija, Burma, Nova zelandija, Papua nova gvineja, Filipini, Singapur, Tajvan, Tajska, Vietnam<\/p>\n<p><span style=\"color: ##7d9799; font-size: 16px;\">Neodvisne dr\u017eave (CIS)<\/span><\/p>\n<p>Armenija, Azerbajd\u017ean, Kazakstan, Kirgizistan, Moldavija,Turkmenistan, Tad\u017eikistan, Uzbekistan, Belorusija, Rusija, Ukrajina, Gruzija","protected":false},"excerpt":{"rendered":"<p>Na\u0161i trgi! Podjetje Quantum Chimica nudi storitve na podro\u010djih regulative, raziskovanja in nabavnih ter prodajnih storitev po vsem svetu. Imamo poglobljeno znanje na omenjenih podro\u010djih in obse\u017ene izku\u0161nje na naslednjih trgih: Severna amerika Zdru\u017eene dr\u017eave Amerike, Kanada Evropska unija Avstrija, Belgija, Bolgarija, Ciper, \u010ce\u0161ka republika, Danska, Estonija, [&hellip;]<\/p>\n","protected":false},"author":1,"featured_media":0,"parent":0,"menu_order":0,"comment_status":"closed","ping_status":"closed","template":"page-FullWidth.php","meta":[],"_links":{"self":[{"href":"https:\/\/quantumchimica.com\/sl\/wp-json\/wp\/v2\/pages\/173"}],"collection":[{"href":"https:\/\/quantumchimica.com\/sl\/wp-json\/wp\/v2\/pages"}],"about":[{"href":"https:\/\/quantumchimica.com\/sl\/wp-json\/wp\/v2\/types\/page"}],"author":[{"embeddable":true,"href":"https:\/\/quantumchimica.com\/sl\/wp-json\/wp\/v2\/users\/1"}],"replies":[{"embeddable":true,"href":"https:\/\/quantumchimica.com\/sl\/wp-json\/wp\/v2\/comments?post=173"}],"version-history":[{"count":1,"href":"https:\/\/quantumchimica.com\/sl\/wp-json\/wp\/v2\/pages\/173\/revisions"}],"predecessor-version":[{"id":174,"href":"https:\/\/quantumchimica.com\/sl\/wp-json\/wp\/v2\/pages\/173\/revisions\/174"}],"wp:attachment":[{"href":"https:\/\/quantumchimica.com\/sl\/wp-json\/wp\/v2\/media?parent=173"}],"curies":[{"name":"wp","href":"https:\/\/api.w.org\/{rel}","templated":true}]}}