{"id":151,"date":"2016-10-31T14:25:56","date_gmt":"2016-10-31T12:25:56","guid":{"rendered":"https:\/\/quantumchimica.com\/?page_id=151"},"modified":"2016-10-31T14:31:21","modified_gmt":"2016-10-31T12:31:21","slug":"vigilanca-produktov","status":"publish","type":"page","link":"https:\/\/quantumchimica.com\/sl\/vigilanca-produktov\/","title":{"rendered":"Vigilanca produktov"},"content":{"rendered":"<img decoding=\"async\" class=\"alignnone size-large wp-image-302\" src=\"https:\/\/quantumchimica.com\/wp-content\/uploads\/2016\/10\/filefolder-napis-1.png\" alt=\"file folder with documents and documents\" width=\"920\" \/>             <style type=\"text\/css\">\n                #content-block-background-1840 { background-image: url(http:\/\/background_image_goes_here); background-position: center top; background-repeat: repeat; background-color: #eee; background-attachment: fixed; background-size: auto; }\n                #content-block-body-1840 { padding: 60px 0 50px; color: #333333; }\n                .content-block-body { margin-left: auto; margin-right: auto; position: relative; }\n            <\/style>\n                <style type=\"text\/css\">\n                    #wrapper-1 { overflow-x: hidden; }\n                    #content-block-background-1840 { margin: 0 -10000px; padding: 0 10000px; }\n                <\/style>\n            \n                <script type=\"text\/javascript\">\n                    \/\/ <![CDATA[\n                    jQuery(document).ready(function($){\n                        if( ! $(\"body\").hasClass( \"mobile-detected\" ) ){\n                            $(\"#content-block-background-\"+1840).each(function(){\n                                var $bgobj = $(this); \/\/ assigning the object\n                                var xPos = 'center'; \/\/ x bg position value from the user shortcode\n                                $(window).scroll(function() {\n                                    var yPos = -($(window).scrollTop() \/ 3);\n                                    \/\/ Put together our final background position\n                                    var coords = xPos+' '+yPos+'px';\n                                    \/\/ Move the background\n                                    $bgobj.css({ backgroundPosition: coords });\n                                });\n                            });\n                        }\n                    });\n                    \/\/ ]]>\n                <\/script>\n                \n            <div class=\"clear\"><\/div>\n            <div id=\"content-block-background-1840\" class=\"content-block-background \">\n                <div id=\"content-block-body-1840\" class=\"content-block-body\">\n                    <div class=\"clear\"><\/div>\n                     <div class=\"one_third\"> <div class=\"custom\" style=\"background:-moz-linear-gradient(center top , #FFFFFF, #EEEEEE) repeat scroll 0 0 transparent;\n\t\t\t\t\t       background: -webkit-gradient(linear, center top, center bottom, from(#FFFFFF), to(#EEEEEE));\n                                               background: -o-linear-gradient(top, #FFFFFF 0%,#EEEEEE 99%); \/* Opera 11.10+ *\/\n                                               background: -ms-linear-gradient(top, #FFFFFF 0%,#EEEEEE 99%); \/* IE10+ *\/\n\t\t\t\t\t       margin-left:0 !important;\n\t\t\t\t\t       margin-right:0 !important;\n\t\t\t\t\t       border:1px solid #FFFFFF;\n\t\t\t\t\t       background-color: #EEEEEE;\n\t\t\t\t\t       width:100%;\n\t\t\t\t\t       color:#888888;\"><div class=\"inner-padding\">\n<div style=\"text-align: left;\">\n<h5 style=\"margin-bottom: 5px;\"><span style=\"font-size: 20px; color: #444444;\">Farmakovigilanca<\/span><\/h5>\n<\/div>\n<div style=\"text-align: left; margin-bottom: 10px; color: #000000;\">\n\n<ul class=\"list-2\">\n<li>zdravila na recept<\/li>\n<li>zdravila brez recepta (OTC)<\/li>\n<\/ul>\n <a href=\"#registracija\">Preberi ve\u010d spodaj<\/a><\/p>\n<\/div>\n<\/div><\/div> <\/div> <div class=\"one_third\"> <div class=\"custom\" style=\"background:-moz-linear-gradient(center top , #FFFFFF, #EEEEEE) repeat scroll 0 0 transparent;\n\t\t\t\t\t       background: -webkit-gradient(linear, center top, center bottom, from(#FFFFFF), to(#EEEEEE));\n                                               background: -o-linear-gradient(top, #FFFFFF 0%,#EEEEEE 99%); \/* Opera 11.10+ *\/\n                                               background: -ms-linear-gradient(top, #FFFFFF 0%,#EEEEEE 99%); \/* IE10+ *\/\n\t\t\t\t\t       margin-left:0 !important;\n\t\t\t\t\t       margin-right:0 !important;\n\t\t\t\t\t       border:1px solid #FFFFFF;\n\t\t\t\t\t       background-color: #EEEEEE;\n\t\t\t\t\t       width:100%;\n\t\t\t\t\t       color:#888888;\"><div class=\"inner-padding\">\n<div style=\"text-align: left;\">\n<h5 style=\"margin-bottom: 5px;\"><span style=\"font-size: 20px; color: #444444;\">Vigilanca medicinskih pripomo\u010dkov<\/span><\/h5>\n<\/div>\n<div style=\"text-align: left; margin-bottom: 10px; color: #000000;\">\n\n<ul class=\"list-2\">\n<li>medicinski pripomo\u010dki tipa I, IIa, IIb in III<\/li>\n<\/ul>\n <a href=\"#registracija\">Preberi ve\u010d spodaj<\/a><\/p>\n<\/div>\n<\/div><\/div> <\/div> <div class=\"one_third last_column\"> <div class=\"custom\" style=\"background:-moz-linear-gradient(center top , #FFFFFF, #EEEEEE) repeat scroll 0 0 transparent;\n\t\t\t\t\t       background: -webkit-gradient(linear, center top, center bottom, from(#FFFFFF), to(#EEEEEE));\n                                               background: -o-linear-gradient(top, #FFFFFF 0%,#EEEEEE 99%); \/* Opera 11.10+ *\/\n                                               background: -ms-linear-gradient(top, #FFFFFF 0%,#EEEEEE 99%); \/* IE10+ *\/\n\t\t\t\t\t       margin-left:0 !important;\n\t\t\t\t\t       margin-right:0 !important;\n\t\t\t\t\t       border:1px solid #FFFFFF;\n\t\t\t\t\t       background-color: #EEEEEE;\n\t\t\t\t\t       width:100%;\n\t\t\t\t\t       color:#888888;\"><div class=\"inner-padding\">\n<div style=\"text-align: left;\">\n<h5 style=\"margin-bottom: 5px;\"><span style=\"font-size: 20px; color: #444444;\">Kozmetovigilanca<\/span><\/h5>\n<\/div>\n<div style=\"text-align: left; margin-bottom: 10px; color: #000000;\">\n\n<ul class=\"list-2\">\n<li>kozmeti\u010dni izdelki<\/li>\n<\/ul>\n <a href=\"#registracija\">Preberi ve\u010d spodaj<\/a><\/p>\n<\/div>\n<\/div><\/div> <\/div> <div class=\"clear\"><\/div>\n<div style=\"margin-top: 20px;\"><\/div>\n<div class=\"clear\"><\/div>\n                    <div class=\"clear\"><\/div>\n                <\/div>\n            <\/div>\n            <div class=\"clear\"><\/div>\n\n<div id=\"registracija\" style=\"text-align: center;\">\n            <style type=\"text\/css\">\n                #content-block-background-1659 { background-image: url(); background-position: 50% 0; background-repeat: repeat; background-color: #A78232; background-attachment: scroll; background-size: auto; }\n                #content-block-body-1659 { padding: 40px 0; color: #000; }\n                .content-block-body { margin-left: auto; margin-right: auto; position: relative; }\n            <\/style>\n                <style type=\"text\/css\">\n                    #wrapper-1 { overflow-x: hidden; }\n                    #content-block-background-1659 { margin: 0 -10000px; padding: 0 10000px; }\n                <\/style>\n            \n                <script type=\"text\/javascript\">\n                    \/\/ <![CDATA[\n                    jQuery(document).ready(function($){\n                        if( ! $(\"body\").hasClass( \"mobile-detected\" ) ){\n                            $(\"#content-block-background-\"+1659).each(function(){\n                                var $bgobj = $(this); \/\/ assigning the object\n                                var xPos = '50%'; \/\/ x bg position value from the user shortcode\n                                $(window).scroll(function() {\n                                    var yPos = -($(window).scrollTop() \/ 3);\n                                    \/\/ Put together our final background position\n                                    var coords = xPos+' '+yPos+'px';\n                                    \/\/ Move the background\n                                    $bgobj.css({ backgroundPosition: coords });\n                                });\n                            });\n                        }\n                    });\n                    \/\/ ]]>\n                <\/script>\n                \n            <div class=\"clear\"><\/div>\n            <div id=\"content-block-background-1659\" class=\"content-block-background \">\n                <div id=\"content-block-body-1659\" class=\"content-block-body\">\n                    <div class=\"clear\"><\/div>\n                    \n<h5 style=\"margin-bottom: 20px;\"><span style=\"font-size: 20px; color: #000; line-height: 1.5;\">Nudimo strokovno in poglobljeno znanje iz podro\u010dja vigilance produktov (farmakovigilance, vigilance medicinskih pripomo\u010dkov, kozmetovigilance).<\/span><\/h5>\n<h5 style=\"margin-bottom: 20px;\"><span style=\"font-size: 20px; color: #000; line-height: 1.5;\">Smo va\u0161a odgovorna oseba za vigilanco produktov. <\/span><\/h5>\n<div><a title=\"Get in touch\" href=\"\/kontakt\/\"><span style=\"font-size: 18px; font-style: italic; color: #fff;\">Kontaktirajte nas<\/span><\/a><\/div>\n                    <div class=\"clear\"><\/div>\n                <\/div>\n            <\/div>\n            <div class=\"clear\"><\/div>\n\n<\/div>\n            <style type=\"text\/css\">\n                #content-block-background-1936 { background-image: url(); background-position: 50% 0; background-repeat: repeat; background-color: #F2ECC4; background-attachment: scroll; background-size: auto; }\n                #content-block-body-1936 { padding: 30px 0; color: #000; }\n                .content-block-body { margin-left: auto; margin-right: auto; position: relative; }\n            <\/style>\n                <style type=\"text\/css\">\n                    #wrapper-1 { overflow-x: hidden; }\n                    #content-block-background-1936 { margin: 0 -10000px; padding: 0 10000px; }\n                <\/style>\n            \n                <script type=\"text\/javascript\">\n                    \/\/ <![CDATA[\n                    jQuery(document).ready(function($){\n                        if( ! $(\"body\").hasClass( \"mobile-detected\" ) ){\n                            $(\"#content-block-background-\"+1936).each(function(){\n                                var $bgobj = $(this); \/\/ assigning the object\n                                var xPos = '50%'; \/\/ x bg position value from the user shortcode\n                                $(window).scroll(function() {\n                                    var yPos = -($(window).scrollTop() \/ 3);\n                                    \/\/ Put together our final background position\n                                    var coords = xPos+' '+yPos+'px';\n                                    \/\/ Move the background\n                                    $bgobj.css({ backgroundPosition: coords });\n                                });\n                            });\n                        }\n                    });\n                    \/\/ ]]>\n                <\/script>\n                \n            <div class=\"clear\"><\/div>\n            <div id=\"content-block-background-1936\" class=\"content-block-background \">\n                <div id=\"content-block-body-1936\" class=\"content-block-body\">\n                    <div class=\"clear\"><\/div>\n                    \n<h3 style=\"float: left; display: inline-block; margin: 5px 0; font-size: 24px !important; line-height: 1.2; color: #000;\">Imamo izku\u0161nje na razli\u010dnih podro\u010djih in nudimo naslednje storitve:<\/h3>\n<div style=\"float: right; display: inline-block;\"><\/div>\n                    <div class=\"clear\"><\/div>\n                <\/div>\n            <\/div>\n            <div class=\"clear\"><\/div>\n\n<p><strong>Vzpostavitev farmako\/vigilan\u010dnega sistema:<\/strong><\/p>\n<div style=\"margin-top: 15px;\">\n<ul>\n<li>pregled veljavne zakonodaje,<\/li>\n<li>priprava ustreznega sistemskega postopka kako ravnati v primeru te\u017eav z medicinskim pripomo\u010dkom\/zdravilom v skladu z veljavno zakonodajo,<\/li>\n<li>imenovanje odgovorne osebe za sistem farmako\/vigilance v skladu z veljavno zakonodajo pri JAZMP,<\/li>\n<li>komunikacija in usklajevanje z JAZMP,<\/li>\n<li>povezava sistema farmako\/vigilance va\u0161ega podjetja s podjetjem Quantum Chimica,<\/li>\n<li>priprava sistemskih postopkov o zbiranju in poro\u010danju, izobra\u017eevanju, pregledu literature in morebitnih drugih aktivnostih (sodelovanje pri ukrepih za zmanj\u0161anje\/obvladovanje tveganj z zdravilom &#8211; Risk management plan, aktivnosti pri pre\/post marketin\u0161kih \u0161tudijah, vlaganje varnostih variacij).<\/li>\n<\/ul>\n<p><strong>\u00a0Izvajanje sistema farmako\/vigilance:<\/strong><\/p>\n<ol>\n<li>poro\u010danje Agenciji JAZMP ter 24\/7 dosegljivost ustrezno izobra\u017eenega strokovnjaka,<\/li>\n<li>sodelovanje pri in\u0161pekciji pri pregledu proizvajalca, morebitnega zastopnika, itn.,<\/li>\n<li>pregled ustrezne literature,<\/li>\n<li>vodenje in vzdr\u017eevanje dokumentacije,<\/li>\n<li>izobra\u017eevanje zaposlenih s podro\u010dja farmako\/vigilance.<\/li>\n<\/ol>\n<\/div>","protected":false},"excerpt":{"rendered":"<p>Vzpostavitev farmako\/vigilan\u010dnega sistema: pregled veljavne zakonodaje, priprava ustreznega sistemskega postopka kako ravnati v primeru te\u017eav z medicinskim pripomo\u010dkom\/zdravilom v skladu z veljavno zakonodajo, imenovanje odgovorne osebe za sistem farmako\/vigilance v skladu z veljavno zakonodajo pri JAZMP, komunikacija in usklajevanje z JAZMP, povezava sistema farmako\/vigilance va\u0161ega podjetja s [&hellip;]<\/p>\n","protected":false},"author":1,"featured_media":0,"parent":0,"menu_order":0,"comment_status":"closed","ping_status":"closed","template":"page-FullWidth.php","meta":[],"_links":{"self":[{"href":"https:\/\/quantumchimica.com\/sl\/wp-json\/wp\/v2\/pages\/151"}],"collection":[{"href":"https:\/\/quantumchimica.com\/sl\/wp-json\/wp\/v2\/pages"}],"about":[{"href":"https:\/\/quantumchimica.com\/sl\/wp-json\/wp\/v2\/types\/page"}],"author":[{"embeddable":true,"href":"https:\/\/quantumchimica.com\/sl\/wp-json\/wp\/v2\/users\/1"}],"replies":[{"embeddable":true,"href":"https:\/\/quantumchimica.com\/sl\/wp-json\/wp\/v2\/comments?post=151"}],"version-history":[{"count":2,"href":"https:\/\/quantumchimica.com\/sl\/wp-json\/wp\/v2\/pages\/151\/revisions"}],"predecessor-version":[{"id":153,"href":"https:\/\/quantumchimica.com\/sl\/wp-json\/wp\/v2\/pages\/151\/revisions\/153"}],"wp:attachment":[{"href":"https:\/\/quantumchimica.com\/sl\/wp-json\/wp\/v2\/media?parent=151"}],"curies":[{"name":"wp","href":"https:\/\/api.w.org\/{rel}","templated":true}]}}