{"id":136,"date":"2016-10-31T14:10:31","date_gmt":"2016-10-31T12:10:31","guid":{"rendered":"https:\/\/quantumchimica.com\/?page_id=136"},"modified":"2018-09-11T12:57:02","modified_gmt":"2018-09-11T10:57:02","slug":"vizitka","status":"publish","type":"page","link":"https:\/\/quantumchimica.com\/sl\/vizitka\/","title":{"rendered":"Vizitka"},"content":{"rendered":"<table class=\"custom-table\"  class=\"custom-table\" summary=\"Sample Table\">\n<tbody>\n<tr>\n<td>Naziv podjetja:<\/td>\n<td>Quantum Chimica, d.o.o.<\/td>\n<\/tr>\n<tr>\n<td>Dalj\u0161i naziv:<\/td>\n<td>Quantum Chimica, globalne regulatorne in raziskovalne re\u0161itve d.o.o.<\/td>\n<\/tr>\n<tr>\n<td>Sede\u017e<\/td>\n<td>Rimska cesta 51, Log pri Brezovici, 1358 Log pri Brezovici<\/td>\n<\/tr>\n<tr>\n<td>Telefon:<\/td>\n<td>+ 386 (0) 41 426 675<\/td>\n<\/tr>\n<tr>\n<td>E-naslov:<\/td>\n<td>info@quantumchimica.com<\/td>\n<\/tr>\n<tr>\n<td>Dav\u010dna \u0161tevilka dru\u017ebe:<\/td>\n<td>33481920<\/td>\n<\/tr>\n<tr>\n<td>Transakcijski ra\u010dun:<\/td>\n<td>SI56 6100 0000 7836 977<\/td>\n<\/tr>\n<tr>\n<td>\u0160ifra dejavnosti (SKD):<\/td>\n<td>M72.190<\/td>\n<\/tr>\n<tr>\n<td>Mati\u010dna \u0161tevilka dru\u017ebe:<\/td>\n<td>6643418000<\/td>\n<\/tr>\n<tr>\n<td>Sodi\u0161\u010de vpisa:<\/td>\n<td>Okro\u017eno sodi\u0161\u010de Ljubljana<\/td>\n<\/tr>\n<tr>\n<td><\/td>\n<td><\/td>\n<\/tr>\n<\/tbody>\n<tfoot>\n<tr>\n<td colspan=\"4\">Quantum Chimica d.o.o.<\/td>\n<\/tr>\n<\/tfoot>\n<\/table>","protected":false},"excerpt":{"rendered":"Naziv podjetja: Quantum Chimica, d.o.o. Dalj\u0161i naziv: Quantum Chimica, globalne regulatorne in raziskovalne re\u0161itve d.o.o. Sede\u017e Rimska cesta 51, Log pri Brezovici, 1358 Log pri Brezovici Telefon: + 386 (0) 41 426 675 E-naslov: info@quantumchimica.com Dav\u010dna \u0161tevilka dru\u017ebe: 33481920 Transakcijski ra\u010dun: SI56 6100 0000 7836 977 \u0160ifra [...]","protected":false},"author":1,"featured_media":0,"parent":0,"menu_order":0,"comment_status":"closed","ping_status":"closed","template":"page-FullWidth.php","meta":[],"_links":{"self":[{"href":"https:\/\/quantumchimica.com\/sl\/wp-json\/wp\/v2\/pages\/136"}],"collection":[{"href":"https:\/\/quantumchimica.com\/sl\/wp-json\/wp\/v2\/pages"}],"about":[{"href":"https:\/\/quantumchimica.com\/sl\/wp-json\/wp\/v2\/types\/page"}],"author":[{"embeddable":true,"href":"https:\/\/quantumchimica.com\/sl\/wp-json\/wp\/v2\/users\/1"}],"replies":[{"embeddable":true,"href":"https:\/\/quantumchimica.com\/sl\/wp-json\/wp\/v2\/comments?post=136"}],"version-history":[{"count":3,"href":"https:\/\/quantumchimica.com\/sl\/wp-json\/wp\/v2\/pages\/136\/revisions"}],"predecessor-version":[{"id":222,"href":"https:\/\/quantumchimica.com\/sl\/wp-json\/wp\/v2\/pages\/136\/revisions\/222"}],"wp:attachment":[{"href":"https:\/\/quantumchimica.com\/sl\/wp-json\/wp\/v2\/media?parent=136"}],"curies":[{"name":"wp","href":"https:\/\/api.w.org\/{rel}","templated":true}]}}