{"id":131,"date":"2016-10-26T14:37:43","date_gmt":"2016-10-26T12:37:43","guid":{"rendered":"https:\/\/quantumchimica.com\/?page_id=131"},"modified":"2016-11-01T16:36:26","modified_gmt":"2016-11-01T14:36:26","slug":"nas-tim","status":"publish","type":"page","link":"https:\/\/quantumchimica.com\/sl\/nas-tim\/","title":{"rendered":"Na\u0161 tim"},"content":{"rendered":"<div style=\"text-align: center;\">\n<h4 style=\"margin-bottom: 25px;\"><span style=\"font-size: 36px; color: #a17b30; line-height: 1;\"> Kakovost. U\u010dinkovitost. Predanost <\/span><\/h4>\n<p><img decoding=\"async\" loading=\"lazy\" class=\"aligncenter size-large wp-image-299\" src=\"https:\/\/quantumchimica.com\/wp-content\/uploads\/2014\/04\/business-team-joining-hands-m-2-1024x682.jpg\" alt=\"Business team joining hands\" width=\"600\" height=\"399\" \/><\/p>\n<h5 style=\"margin-bottom: 50px;\"><\/h5>\n<\/div>\n            <style type=\"text\/css\">\n                #content-block-background-1216 { background-image: url(http:\/\/background_image_goes_here); background-position: center top; background-repeat: repeat; background-color: #eee; background-attachment: fixed; background-size: auto; }\n                #content-block-body-1216 { padding: 60px 0 50px; color: #333333; }\n                .content-block-body { margin-left: auto; margin-right: auto; position: relative; }\n            <\/style>\n                <style type=\"text\/css\">\n                    #wrapper-1 { overflow-x: hidden; }\n                    #content-block-background-1216 { margin: 0 -10000px; padding: 0 10000px; }\n                <\/style>\n            \n                <script type=\"text\/javascript\">\n                    \/\/ <![CDATA[\n                    jQuery(document).ready(function($){\n                        if( ! $(\"body\").hasClass( \"mobile-detected\" ) ){\n                            $(\"#content-block-background-\"+1216).each(function(){\n                                var $bgobj = $(this); \/\/ assigning the object\n                                var xPos = 'center'; \/\/ x bg position value from the user shortcode\n                                $(window).scroll(function() {\n                                    var yPos = -($(window).scrollTop() \/ 3);\n                                    \/\/ Put together our final background position\n                                    var coords = xPos+' '+yPos+'px';\n                                    \/\/ Move the background\n                                    $bgobj.css({ backgroundPosition: coords });\n                                });\n                            });\n                        }\n                    });\n                    \/\/ ]]>\n                <\/script>\n                \n            <div class=\"clear\"><\/div>\n            <div id=\"content-block-background-1216\" class=\"content-block-background \">\n                <div id=\"content-block-body-1216\" class=\"content-block-body\">\n                    <div class=\"clear\"><\/div>\n                     <div class=\"one_third\"> <div class=\"custom\" style=\"background:-moz-linear-gradient(center top , #FFFFFF, #EEEEEE) repeat scroll 0 0 transparent;\n\t\t\t\t\t       background: -webkit-gradient(linear, center top, center bottom, from(#FFFFFF), to(#EEEEEE));\n                                               background: -o-linear-gradient(top, #FFFFFF 0%,#EEEEEE 99%); \/* Opera 11.10+ *\/\n                                               background: -ms-linear-gradient(top, #FFFFFF 0%,#EEEEEE 99%); \/* IE10+ *\/\n\t\t\t\t\t       margin-left:0 !important;\n\t\t\t\t\t       margin-right:0 !important;\n\t\t\t\t\t       border:1px solid #FFFFFF;\n\t\t\t\t\t       background-color: #EEEEEE;\n\t\t\t\t\t       width:100%;\n\t\t\t\t\t       color:#888888;\"><div class=\"inner-padding\">\n<div style=\"text-align: center;\">\n<h5 style=\"margin-bottom: 5px;\"><span style=\"font-size: 24px; color: #444444;\">Vizija<\/span><\/h5>\n<\/div>\n<div style=\"text-align: center; margin-bottom: 10px; color: #000000;\">Postati pomemben partner farmacevtskim in biofarmacevtskim podjetjem na podro\u010dju globalnih regulatornih, raziskovalnih in razvojnih re\u0161itev.<\/div>\n<\/div><\/div> <\/div> <div class=\"one_third\"> <div class=\"custom\" style=\"background:-moz-linear-gradient(center top , #FFFFFF, #EEEEEE) repeat scroll 0 0 transparent;\n\t\t\t\t\t       background: -webkit-gradient(linear, center top, center bottom, from(#FFFFFF), to(#EEEEEE));\n                                               background: -o-linear-gradient(top, #FFFFFF 0%,#EEEEEE 99%); \/* Opera 11.10+ *\/\n                                               background: -ms-linear-gradient(top, #FFFFFF 0%,#EEEEEE 99%); \/* IE10+ *\/\n\t\t\t\t\t       margin-left:0 !important;\n\t\t\t\t\t       margin-right:0 !important;\n\t\t\t\t\t       border:1px solid #FFFFFF;\n\t\t\t\t\t       background-color: #EEEEEE;\n\t\t\t\t\t       width:100%;\n\t\t\t\t\t       color:#888888;\"><div class=\"inner-padding\">\n<div style=\"text-align: center;\">\n<h5 style=\"margin-bottom: 5px;\"><span style=\"font-size: 24px; color: #444444;\">Kdo smo<\/span><\/h5>\n<\/div>\n<div style=\"text-align: center; margin-bottom: 10px; color: #000000;\">Na\u0161 tim sestavlja ekipa zaposlenih in zunanjih strokovnjakov iz naslednjih podro\u010dij: analizna kemija; organska kemija; biokemija; genetika; regulativa gradnikov u\u010dinkovin, intermediatov, aktivnih u\u010dinkovin in kon\u010dnih izdelkov farmacevtske in biofarmacevtske industrije; regulativa zdravil brez recepta; regulativa prehranskih dopolnil; regulativa medicinskih pripomo\u010dkov; regulativa kozmeti\u010dnih izdelkov; organizacija dela in ravnanje s \u010dlove\u0161kimi viri; nabavne in prodajne storitve.<\/div>\n<\/div><\/div> <\/div> <div class=\"one_third last_column\"> <div class=\"custom\" style=\"background:-moz-linear-gradient(center top , #FFFFFF, #EEEEEE) repeat scroll 0 0 transparent;\n\t\t\t\t\t       background: -webkit-gradient(linear, center top, center bottom, from(#FFFFFF), to(#EEEEEE));\n                                               background: -o-linear-gradient(top, #FFFFFF 0%,#EEEEEE 99%); \/* Opera 11.10+ *\/\n                                               background: -ms-linear-gradient(top, #FFFFFF 0%,#EEEEEE 99%); \/* IE10+ *\/\n\t\t\t\t\t       margin-left:0 !important;\n\t\t\t\t\t       margin-right:0 !important;\n\t\t\t\t\t       border:1px solid #FFFFFF;\n\t\t\t\t\t       background-color: #EEEEEE;\n\t\t\t\t\t       width:100%;\n\t\t\t\t\t       color:#888888;\"><div class=\"inner-padding\">\n<div style=\"text-align: center;\">\n<h5 style=\"margin-bottom: 5px;\"><span style=\"font-size: 24px; color: #444444;\">Skrb za zaposlene<\/span><\/h5>\n<\/div>\n<div style=\"text-align: center; margin-bottom: 10px; color: #000000;\">Bistveno za vsako uspe\u0161no organizacijo je skrb za izobra\u017eevanje in osebni karierni razvoj zaposlenih. Tega se v Quantum Chimici zavedamo, zato dajemo mo\u010dan poudarek krepitvi in razvoju kompetenc zaposlenih.<\/div>\n<\/div><\/div> <\/div> <div class=\"clear\"><\/div>\n<div style=\"float: left; margin-top: 20px;\"><\/div>\n<div class=\"clear\"><\/div>                     <div class=\"clear\"><\/div>\n                <\/div>\n            <\/div>\n            <div class=\"clear\"><\/div>\n <div class=\"two_third\">\n<h4 style=\"margin-bottom: 10px; margin-top: 35px;\"><span style=\"font-size: 20px; color: #777777;\">PRIDRU\u017dI SE NA\u0160EMU TIMU<\/span><\/h4>\n<p>\u010ce se \u017eelite pridru\u017eiti timu strokovnjakov in sodelovati pri mednarodnih projektih s podro\u010dja regulative zdravil, medicinskih pripomo\u010dkov, prehranskih dopolnil in kozmeti\u010dnih izdelkov nam to sporo\u010dite tukaj. <\/div> <div class=\"one_third last_column\">\n<p>Na podro\u010dju regulative zdravil, medicinskih pripomo\u010dkov, prehranskih dopolnil, kozmeti\u010dnih izdelkov zaposlimo samostojnega sodelavca za regulativo (m\/\u017e). Pogoji za opravljanje dela: &#8211; visoko\u0161olska stopnja izobrazbe farmacevtske, medicinske ali druge ustrezne smeri (VII.\/II), &#8211; vsaj 2 leti delovnih izku\u0161enj s podro\u010dja dela v farmacevtski ali zdravstveni dejavnosti oz. poznavanju regulative, registracije zdravil, &#8211; vozni\u0161ki izpit B-kategorije, &#8211; znanje jezikov: slovenski jezik, angle\u0161ki jezik (zahtevno: ustno in pisno), znanje drugih svetovnih jezikov prednost &#8211; ra\u010dunalni\u0161ka znanja: Ms Office, Internet<\/p>\n<h4 style=\"margin-bottom: 30px; margin-top: 35px;\"><span style=\"font-size: 20px; color: #777777;\">Zaposlujemo<\/span><\/h4>\n<p><span style=\"font-size: 16px;\">Pustite va\u0161 CV <a href=\"mailto:info@quantumchimica.com\">tukaj<\/a>. \u010ce se \u017eelite pridru\u017eiti na\u0161emu timu, nas kontaktirajte in prilo\u017eite svoj CV.<\/span>","protected":false},"excerpt":{"rendered":"<p>Kakovost. U\u010dinkovitost. Predanost [\/content_block]<\/p>\n","protected":false},"author":1,"featured_media":0,"parent":0,"menu_order":0,"comment_status":"closed","ping_status":"closed","template":"page-FullWidth.php","meta":[],"_links":{"self":[{"href":"https:\/\/quantumchimica.com\/sl\/wp-json\/wp\/v2\/pages\/131"}],"collection":[{"href":"https:\/\/quantumchimica.com\/sl\/wp-json\/wp\/v2\/pages"}],"about":[{"href":"https:\/\/quantumchimica.com\/sl\/wp-json\/wp\/v2\/types\/page"}],"author":[{"embeddable":true,"href":"https:\/\/quantumchimica.com\/sl\/wp-json\/wp\/v2\/users\/1"}],"replies":[{"embeddable":true,"href":"https:\/\/quantumchimica.com\/sl\/wp-json\/wp\/v2\/comments?post=131"}],"version-history":[{"count":4,"href":"https:\/\/quantumchimica.com\/sl\/wp-json\/wp\/v2\/pages\/131\/revisions"}],"predecessor-version":[{"id":194,"href":"https:\/\/quantumchimica.com\/sl\/wp-json\/wp\/v2\/pages\/131\/revisions\/194"}],"wp:attachment":[{"href":"https:\/\/quantumchimica.com\/sl\/wp-json\/wp\/v2\/media?parent=131"}],"curies":[{"name":"wp","href":"https:\/\/api.w.org\/{rel}","templated":true}]}}